{"id":279,"date":"2018-05-02T16:39:10","date_gmt":"2018-05-02T16:39:10","guid":{"rendered":"http:\/\/s616678427.online.de\/?page_id=279"},"modified":"2022-12-13T07:24:25","modified_gmt":"2022-12-13T07:24:25","slug":"presse","status":"publish","type":"page","link":"https:\/\/www.goepflanzt.de\/?page_id=279","title":{"rendered":"Presse"},"content":{"rendered":"<p>Hier finden Sie verschiedene Artikel zu unserer Pflanzgruppe und weitere Informationen:<\/p>\n<p><a href=\"https:\/\/www.goepflanzt.de\/wp-content\/uploads\/2022\/12\/Goepflanzt-PM-221207.pdf\">Pressemitteilung Pflanzaktionen Dezember 2022<\/a><\/p>\n<p><a href=\"https:\/\/www.goepflanzt.de\/wp-content\/uploads\/2020\/12\/Northeimer-Neueste-Nachrichten-11.12.202041.pdf\">Northeimer-Neueste-Nachrichten Aktion Dez 2020<\/a><\/p>\n<p><a href=\"https:\/\/www.goepflanzt.de\/wp-content\/uploads\/2020\/11\/Spenden-Stadtwald-2020.jpg\">Stadt G\u00f6ttingen: Stadtwald G\u00f6ttingen 11\/20<\/a><\/p>\n<p><a href=\"https:\/\/www.goepflanzt.de\/wp-content\/uploads\/2020\/11\/Spende-Kehr-GT-2020-scaled.jpg\">GT: Obstb\u00e4ume Stadtwald 07.11.20<\/a><\/p>\n<p><a href=\"https:\/\/www.goepflanzt.de\/wp-content\/uploads\/2020\/11\/HNA-Spende-SchuelerInnen-23.02.20.pdf\">HNA: Bericht Spenden Schulen 02\/20<\/a><\/p>\n<p><a href=\"https:\/\/www.goepflanzt.de\/wp-content\/uploads\/2020\/02\/2020-02-21_Falter_Pflanzaktion.pdf\">Falter_Pflanzaktion 15.03.2020<\/a><\/p>\n<p><a href=\"https:\/\/www.stadtradio-goettingen.de\/redaktion\/nachrichten\/schueler_aus_goettingen_und_dransfeld_spenden_fuer_den_verein_goepflanzt\/\">Stadtradio: Bericht Spenden Schulen 02\/2020<\/a><\/p>\n<p><a href=\"https:\/\/www.goepflanzt.de\/wp-content\/uploads\/2019\/11\/Plant-HNA-Artikel-19112019.jpg\">HNA Pflanzaktion 19.11.2019<\/a><\/p>\n<p><a href=\"https:\/\/www.goepflanzt.de\/wp-content\/uploads\/2019\/11\/Plant-GT-Artikel-17112019.jpg\">G\u00f6ttinger Tageblatt Pflanzaktion 16.11.2019<\/a><\/p>\n<p><a href=\"https:\/\/www.goepflanzt.de\/wp-content\/uploads\/2019\/11\/2019-11-01_Einladung_Pflanzaktion.pdf\">Einladung Pflanzaktion 17.11.2019<\/a><\/p>\n<p><a href=\"https:\/\/www.plant-for-the-planet.org\/de\/informieren\/neuigkeiten\/schwarzerlen-trotzen-auch-hochwa\/2\/de\">Plant Webseite Pflanzaktion 24.03.2019<\/a><\/p>\n<p><a href=\"http:\/\/www.goepflanzt.de\/wp-content\/uploads\/2018\/05\/GT-Apr-2018.pdf\">G\u00f6ttinger Tageblatt April 2018<\/a><\/p>\n<p><a href=\"http:\/\/www.goepflanzt.de\/wp-content\/uploads\/2018\/05\/GT-Apr-2016.pdf\">G\u00f6ttinger Tageblatt April 2016<\/a><\/p>\n<p><a href=\"http:\/\/www.goepflanzt.de\/wp-content\/uploads\/2018\/05\/GT-Jan-2016.pdf\">G\u00f6ttinger Tageblatt Januar 2016<\/a><\/p>\n<p><a href=\"http:\/\/www.goepflanzt.de\/wp-content\/uploads\/2018\/05\/StRad-G\u00f6-Jan-2016.pdf\">Interview Stadt Radio G\u00f6ttingen Januar 2016<\/a><\/p>\n<p><a href=\"http:\/\/www.goepflanzt.de\/wp-content\/uploads\/2018\/05\/Extra-Tip-jan-2016-Pro-City.pdf\">Extra Tip Januar 2016 &#8211; Pro City<\/a><\/p>\n<p><a href=\"http:\/\/www.goepflanzt.de\/wp-content\/uploads\/2018\/05\/GT-Nov-2015.pdf\">G\u00f6ttinger Tageblatt November 2015<\/a><\/p>\n<p><a href=\"http:\/\/www.goepflanzt.de\/wp-content\/uploads\/2018\/05\/Pressespiegel-Flyer-2015.pdf\">Pressespiegel Flyer 2015<\/a><\/p>\n<p><a href=\"http:\/\/www.goepflanzt.de\/wp-content\/uploads\/2018\/05\/Lesrbrief-GT.pdf\">Leserbrief G\u00f6ttinger Tageblatt April 2018<\/a><\/p>\n","protected":false},"excerpt":{"rendered":"<p>Hier finden Sie verschiedene Artikel zu unserer Pflanzgruppe und weitere Informationen: Pressemitteilung Pflanzaktionen Dezember 2022 Northeimer-Neueste-Nachrichten Aktion Dez 2020 Stadt G\u00f6ttingen: Stadtwald G\u00f6ttingen 11\/20 GT: Obstb\u00e4ume Stadtwald 07.11.20 HNA: Bericht Spenden Schulen 02\/20 Falter_Pflanzaktion 15.03.2020 Stadtradio: Bericht Spenden Schulen 02\/2020 HNA Pflanzaktion 19.11.2019 G\u00f6ttinger Tageblatt Pflanzaktion 16.11.2019 Einladung Pflanzaktion 17.11.2019 Plant Webseite Pflanzaktion 24.03.2019 G\u00f6ttinger Tageblatt April 2018 G\u00f6ttinger Tageblatt April 2016 G\u00f6ttinger Tageblatt Januar 2016 Interview Stadt Radio G\u00f6ttingen Januar 2016 Extra Tip Januar 2016 &#8211; Pro City G\u00f6ttinger&#8230;<\/p>\n<p class=\"read-more\"><a class=\"btn btn-default\" href=\"https:\/\/www.goepflanzt.de\/?page_id=279\">Weiterlesen<span class=\"screen-reader-text\"> Weiterlesen<\/span><\/a><\/p>\n","protected":false},"author":1,"featured_media":0,"parent":0,"menu_order":0,"comment_status":"closed","ping_status":"closed","template":"","meta":{"footnotes":""},"class_list":["post-279","page","type-page","status-publish","hentry"],"_links":{"self":[{"href":"https:\/\/www.goepflanzt.de\/index.php?rest_route=\/wp\/v2\/pages\/279","targetHints":{"allow":["GET"]}}],"collection":[{"href":"https:\/\/www.goepflanzt.de\/index.php?rest_route=\/wp\/v2\/pages"}],"about":[{"href":"https:\/\/www.goepflanzt.de\/index.php?rest_route=\/wp\/v2\/types\/page"}],"author":[{"embeddable":true,"href":"https:\/\/www.goepflanzt.de\/index.php?rest_route=\/wp\/v2\/users\/1"}],"replies":[{"embeddable":true,"href":"https:\/\/www.goepflanzt.de\/index.php?rest_route=%2Fwp%2Fv2%2Fcomments&post=279"}],"version-history":[{"count":34,"href":"https:\/\/www.goepflanzt.de\/index.php?rest_route=\/wp\/v2\/pages\/279\/revisions"}],"predecessor-version":[{"id":999,"href":"https:\/\/www.goepflanzt.de\/index.php?rest_route=\/wp\/v2\/pages\/279\/revisions\/999"}],"wp:attachment":[{"href":"https:\/\/www.goepflanzt.de\/index.php?rest_route=%2Fwp%2Fv2%2Fmedia&parent=279"}],"curies":[{"name":"wp","href":"https:\/\/api.w.org\/{rel}","templated":true}]}}