{"id":292,"date":"2018-05-08T19:48:37","date_gmt":"2018-05-08T19:48:37","guid":{"rendered":"http:\/\/www.goepflanzt.de\/?page_id=292"},"modified":"2026-03-26T08:32:59","modified_gmt":"2026-03-26T08:32:59","slug":"termine","status":"publish","type":"page","link":"https:\/\/www.goepflanzt.de\/?page_id=292","title":{"rendered":"Termine"},"content":{"rendered":"<h3 style=\"text-align: center;\">Wir freuen uns auch im Fr\u00fchling 2026 wieder \u00fcber Unterst\u00fctzung!<\/h3>\n<h3 style=\"text-align: center;\"><strong>n\u00e4chster Pflanztermin<\/strong><\/h3>\n<h3 style=\"text-align: center;\"><strong><span style=\"color: #008000;\">Samstag 25.04.26 im Harz<\/span><\/strong><\/h3>\n<div class=\"io-ox-signature\">\n<div class=\"default-style\">\n<div class=\"default-style\">\n<ul>\n<li style=\"list-style-type: none; text-align: center;\">Wir fahren zusammen (wahrscheinlich mit einem Bus) in den Oberharz zur Aufforstung von Waldfl\u00e4chen, die durch das Fichtensterben weitgehend entwaldet sind.<br \/>In Zusammenarbeit mit den nieders\u00e4chsischen Landesforsten und dem Bergwaldprojekt pflanzen wir gemeinsam zukunftsf\u00e4hige Baumarten.Wir freuen uns auf sch\u00f6ne gemeinsame Aktionen!<\/li>\n<\/ul>\n<p style=\"text-align: center;\">Zur Anmeldung bitte per Email melden, siehe unten. Danke!<\/p>\n<\/div>\n<\/div>\n<\/div>\n<hr \/><hr \/>\n<p>Wer Informationen und\/oder eine Einladung zur n\u00e4chsten Pflanzaktion m\u00f6chte:<\/p>\n<p>bitte einfach per Email bei <span style=\"color: #339966;\">info@goepflanzt.de<\/span> melden. Wir nehmen die Mailadresse in unseren Verteiler auf. Wir versenden &#8211; auf Wunsch &#8211; gerne Einladungen ca. 3 Wochen vor dem geplanten Pflanztermin.<\/p>\n\n\n<p><\/p>\n","protected":false},"excerpt":{"rendered":"<p>Wir freuen uns auch im Fr\u00fchling 2026 wieder \u00fcber Unterst\u00fctzung! n\u00e4chster Pflanztermin Samstag 25.04.26 im Harz Wir fahren zusammen (wahrscheinlich mit einem Bus) in den Oberharz zur Aufforstung von Waldfl\u00e4chen, die durch das Fichtensterben weitgehend entwaldet sind.In Zusammenarbeit mit den nieders\u00e4chsischen Landesforsten und dem Bergwaldprojekt pflanzen wir gemeinsam zukunftsf\u00e4hige Baumarten.Wir freuen uns auf sch\u00f6ne gemeinsame Aktionen! Zur Anmeldung bitte per Email melden, siehe unten. Danke! Wer Informationen und\/oder eine Einladung zur n\u00e4chsten Pflanzaktion m\u00f6chte: bitte einfach per Email bei info@goepflanzt.de&#8230;<\/p>\n<p class=\"read-more\"><a class=\"btn btn-default\" href=\"https:\/\/www.goepflanzt.de\/?page_id=292\">Weiterlesen<span class=\"screen-reader-text\"> Weiterlesen<\/span><\/a><\/p>\n","protected":false},"author":1,"featured_media":0,"parent":0,"menu_order":0,"comment_status":"closed","ping_status":"closed","template":"","meta":{"footnotes":""},"class_list":["post-292","page","type-page","status-publish","hentry"],"_links":{"self":[{"href":"https:\/\/www.goepflanzt.de\/index.php?rest_route=\/wp\/v2\/pages\/292","targetHints":{"allow":["GET"]}}],"collection":[{"href":"https:\/\/www.goepflanzt.de\/index.php?rest_route=\/wp\/v2\/pages"}],"about":[{"href":"https:\/\/www.goepflanzt.de\/index.php?rest_route=\/wp\/v2\/types\/page"}],"author":[{"embeddable":true,"href":"https:\/\/www.goepflanzt.de\/index.php?rest_route=\/wp\/v2\/users\/1"}],"replies":[{"embeddable":true,"href":"https:\/\/www.goepflanzt.de\/index.php?rest_route=%2Fwp%2Fv2%2Fcomments&post=292"}],"version-history":[{"count":75,"href":"https:\/\/www.goepflanzt.de\/index.php?rest_route=\/wp\/v2\/pages\/292\/revisions"}],"predecessor-version":[{"id":1288,"href":"https:\/\/www.goepflanzt.de\/index.php?rest_route=\/wp\/v2\/pages\/292\/revisions\/1288"}],"wp:attachment":[{"href":"https:\/\/www.goepflanzt.de\/index.php?rest_route=%2Fwp%2Fv2%2Fmedia&parent=292"}],"curies":[{"name":"wp","href":"https:\/\/api.w.org\/{rel}","templated":true}]}}