{"id":6,"date":"2018-04-16T15:54:12","date_gmt":"2018-04-16T15:54:12","guid":{"rendered":"http:\/\/s616678427.online.de\/?page_id=6"},"modified":"2019-04-23T12:34:27","modified_gmt":"2019-04-23T12:34:27","slug":"startseite","status":"publish","type":"page","link":"https:\/\/www.goepflanzt.de\/","title":{"rendered":"Startseite"},"content":{"rendered":"<h3 style=\"text-align: center;\"><strong>Dies ist ein Aufruf f\u00fcr mehr B\u00e4ume <\/strong><\/h3>\n<h3 style=\"text-align: center;\"><strong>und <\/strong><\/h3>\n<h3 style=\"text-align: center;\"><strong>mehr Begegnungen auf dieser Welt!<\/strong><\/h3>\n<hr \/>\n<h4 style=\"text-align: left;\"><strong>Wir\u00a0<\/strong><strong> sind an Klimaschutz interessierte Menschen aus G\u00f6ttingen und <\/strong><strong>organisieren Pflanzaktionen zum Mitmachen.<\/strong><\/h4>\n<h4 style=\"text-align: left;\"><strong>Wir freuen uns immer \u00fcber m\u00f6glichst viele helfende H\u00e4nde.<\/strong><\/h4>\n<p>Bei unseren Aktionen k\u00f6nnen Kinder, Jugendliche und Erwachsene gemeinsam erfahren:<\/p>\n<ul>\n<li>wie eine Waldfl\u00e4che entstehen kann<\/li>\n<li>einiges mehr \u00fcber den Wald, die B\u00e4ume und ihre Funktion<\/li>\n<li>gemeinsam etwas schaffen und gestalten<\/li>\n<li>sich austauschen und einfach Spa\u00df haben!<\/li>\n<\/ul>\n<h4>Weitere Infos zur Bewegung PLANT FOR THE PLANET gibt es hier:<\/h4>\n<p><a href=\"https:\/\/www.plant-for-the-planet.org\/de\/startseite\">Startseite Plant for the Planet Deutschland<\/a><\/p>\n<p>und hier Infos zu unserer Partner Pflanzfl\u00e4che in Mittelamerika (Mexico): <a href=\"https:\/\/www.plant-for-the-planet.org\/de\/informieren\/pflanzgebiete\">Infos Pflanzfl\u00e4che Yucatan<\/a><\/p>\n","protected":false},"excerpt":{"rendered":"<p>Dies ist ein Aufruf f\u00fcr mehr B\u00e4ume und mehr Begegnungen auf dieser Welt! Wir\u00a0 sind an Klimaschutz interessierte Menschen aus G\u00f6ttingen und organisieren Pflanzaktionen zum Mitmachen. Wir freuen uns immer \u00fcber m\u00f6glichst viele helfende H\u00e4nde. Bei unseren Aktionen k\u00f6nnen Kinder, Jugendliche und Erwachsene gemeinsam erfahren: wie eine Waldfl\u00e4che entstehen kann einiges mehr \u00fcber den Wald, die B\u00e4ume und ihre Funktion gemeinsam etwas schaffen und gestalten sich austauschen und einfach Spa\u00df haben! Weitere Infos zur Bewegung PLANT FOR THE PLANET gibt&#8230;<\/p>\n<p class=\"read-more\"><a class=\"btn btn-default\" href=\"https:\/\/www.goepflanzt.de\/\">Weiterlesen<span class=\"screen-reader-text\"> Weiterlesen<\/span><\/a><\/p>\n","protected":false},"author":1,"featured_media":0,"parent":0,"menu_order":0,"comment_status":"closed","ping_status":"closed","template":"","meta":{"footnotes":""},"class_list":["post-6","page","type-page","status-publish","hentry"],"_links":{"self":[{"href":"https:\/\/www.goepflanzt.de\/index.php?rest_route=\/wp\/v2\/pages\/6","targetHints":{"allow":["GET"]}}],"collection":[{"href":"https:\/\/www.goepflanzt.de\/index.php?rest_route=\/wp\/v2\/pages"}],"about":[{"href":"https:\/\/www.goepflanzt.de\/index.php?rest_route=\/wp\/v2\/types\/page"}],"author":[{"embeddable":true,"href":"https:\/\/www.goepflanzt.de\/index.php?rest_route=\/wp\/v2\/users\/1"}],"replies":[{"embeddable":true,"href":"https:\/\/www.goepflanzt.de\/index.php?rest_route=%2Fwp%2Fv2%2Fcomments&post=6"}],"version-history":[{"count":19,"href":"https:\/\/www.goepflanzt.de\/index.php?rest_route=\/wp\/v2\/pages\/6\/revisions"}],"predecessor-version":[{"id":848,"href":"https:\/\/www.goepflanzt.de\/index.php?rest_route=\/wp\/v2\/pages\/6\/revisions\/848"}],"wp:attachment":[{"href":"https:\/\/www.goepflanzt.de\/index.php?rest_route=%2Fwp%2Fv2%2Fmedia&parent=6"}],"curies":[{"name":"wp","href":"https:\/\/api.w.org\/{rel}","templated":true}]}}