{"id":7,"date":"2018-04-16T15:54:12","date_gmt":"2018-04-16T15:54:12","guid":{"rendered":"http:\/\/s616678427.online.de\/?page_id=7"},"modified":"2018-09-21T08:35:35","modified_gmt":"2018-09-21T08:35:35","slug":"ueber-uns","status":"publish","type":"page","link":"https:\/\/www.goepflanzt.de\/?page_id=7","title":{"rendered":"\u00dcber uns"},"content":{"rendered":"<p>Seit 2010 pflanzen wir in G\u00f6ttingen und dem Umland B\u00e4ume, um die Artenvielfalt zu f\u00f6rdern und den Klimawandel abzumildern.<\/p>\n<p>Anbei von unseren flei\u00dfigen Pflanzerinnen und Pflanzern ihre Guten Gr\u00fcnde f\u00fcr das Pflanzen von B\u00e4umen und das Teilnehmen an unseren Pflanzaktionen:<\/p>\n<blockquote><p><strong>Silke:<\/strong> Es macht einfach einen riesigen Spa\u00df, jeder Mensch sollte in seinem Leben mehr B\u00e4ume pflanzen als er durch seinen Lebensstil zerst\u00f6rt, es ist toll, einen kleinen Wald zu pflanzen, vor allem f\u00fcr Kinder ist das ein kostbares Erlebnis.<\/p>\n<p><strong>Ben:<\/strong> Weil es Spa\u00df macht und weil neue B\u00e4ume gut f\u00fcr die Umwelt UND f\u00fcr uns UND f\u00fcr die Tiere sind&#8230;<\/p>\n<p><strong>Andrea:<\/strong> Weil die V\u00f6gel B\u00e4ume brauchen, um drin ein Nest zu bauen und um auf den \u00c4sten zu sitzen und so sch\u00f6n zu singen&#8230;<\/p>\n<p><strong>Greta:<\/strong> Wenn viele B\u00e4ume gef\u00e4llt werden, m\u00fcssen ja auch neue wieder entstehen, viele B\u00e4ume binden das CO2 und produzieren Sauerstoff und weil es einfach Spass macht, was zu pflanzen. Ich habe noch nie B\u00e4ume gepflanzt und einen Wald entstehen lassen, auch wenn es nur ein kleiner ist&#8230;<\/p>\n<p><strong>Olaf:<\/strong> Weil es viele Menschen zusammenf\u00fchrt, die sich sonst nie begegnet w\u00e4ren, weil wir gemeinsam mit jedem Baum Hoffnung pflanzen f\u00fcr eine lebenswerte Zukunft, weil es sch\u00f6n ist, in der Natur zu sein, weil jeder Baum mir hilft, frische Luft zu atmen&#8230; und ich pflanze B\u00e4ume, damit meine eigenen Wurzeln stark wie ein gro\u00dfer Baum werden und weil ich das Pflanzen mit vielen Menschen gerne mag!<\/p><\/blockquote>\n","protected":false},"excerpt":{"rendered":"<p>Seit 2010 pflanzen wir in G\u00f6ttingen und dem Umland B\u00e4ume, um die Artenvielfalt zu f\u00f6rdern und den Klimawandel abzumildern. Anbei von unseren flei\u00dfigen Pflanzerinnen und Pflanzern ihre Guten Gr\u00fcnde f\u00fcr das Pflanzen von B\u00e4umen und das Teilnehmen an unseren Pflanzaktionen: Silke: Es macht einfach einen riesigen Spa\u00df, jeder Mensch sollte in seinem Leben mehr B\u00e4ume pflanzen als er durch seinen Lebensstil zerst\u00f6rt, es ist toll, einen kleinen Wald zu pflanzen, vor allem f\u00fcr Kinder ist das ein kostbares Erlebnis. Ben:&#8230;<\/p>\n<p class=\"read-more\"><a class=\"btn btn-default\" href=\"https:\/\/www.goepflanzt.de\/?page_id=7\">Weiterlesen<span class=\"screen-reader-text\"> Weiterlesen<\/span><\/a><\/p>\n","protected":false},"author":1,"featured_media":0,"parent":0,"menu_order":0,"comment_status":"closed","ping_status":"closed","template":"","meta":{"footnotes":""},"class_list":["post-7","page","type-page","status-publish","hentry"],"_links":{"self":[{"href":"https:\/\/www.goepflanzt.de\/index.php?rest_route=\/wp\/v2\/pages\/7","targetHints":{"allow":["GET"]}}],"collection":[{"href":"https:\/\/www.goepflanzt.de\/index.php?rest_route=\/wp\/v2\/pages"}],"about":[{"href":"https:\/\/www.goepflanzt.de\/index.php?rest_route=\/wp\/v2\/types\/page"}],"author":[{"embeddable":true,"href":"https:\/\/www.goepflanzt.de\/index.php?rest_route=\/wp\/v2\/users\/1"}],"replies":[{"embeddable":true,"href":"https:\/\/www.goepflanzt.de\/index.php?rest_route=%2Fwp%2Fv2%2Fcomments&post=7"}],"version-history":[{"count":3,"href":"https:\/\/www.goepflanzt.de\/index.php?rest_route=\/wp\/v2\/pages\/7\/revisions"}],"predecessor-version":[{"id":428,"href":"https:\/\/www.goepflanzt.de\/index.php?rest_route=\/wp\/v2\/pages\/7\/revisions\/428"}],"wp:attachment":[{"href":"https:\/\/www.goepflanzt.de\/index.php?rest_route=%2Fwp%2Fv2%2Fmedia&parent=7"}],"curies":[{"name":"wp","href":"https:\/\/api.w.org\/{rel}","templated":true}]}}