{"id":8,"date":"2018-04-16T15:54:12","date_gmt":"2018-04-16T15:54:12","guid":{"rendered":"http:\/\/s616678427.online.de\/?page_id=8"},"modified":"2024-07-01T13:31:16","modified_gmt":"2024-07-01T13:31:16","slug":"spenden","status":"publish","type":"page","link":"https:\/\/www.goepflanzt.de\/?page_id=8","title":{"rendered":"Spenden"},"content":{"rendered":"<div id=\"content\" class=\"8u skel-cell-important\">\n<section>\n<h2 style=\"text-align: center;\"><span class=\"byline\"><span style=\"color: #008000;\"><strong>1\u20ac Spende = 1 neuer Baum<\/strong> <\/span><\/span><\/h2>\n<h2 style=\"text-align: left;\"><span class=\"byline\">Kleine Spende &gt; Gro\u00dfe Wirkung<\/span><\/h2>\n<p>Wenn Sie uns unterst\u00fctzen m\u00f6chten, nehmen wir gerne Ihre Spende entgegen. Plant-for-the-Planet kann Ihnen daf\u00fcr eine Spendenquittung ausstellen, ab Spenden von 200\u20ac.<\/p>\n<p><strong>Bankverbindung: Plant-for-the-Planet Gruppe G\u00f6ttingen,<\/strong><\/p>\n<p><strong>BANK F\u00dcR SOZIALWIRTSCHAFT,\u00a0 BIC: BFSWDE33MUE<br \/>\n<\/strong><\/p>\n<p>Sie entscheiden, was mit ihrer Spende passiert:<\/p>\n<ul>\n<li>1. M\u00f6glichkeit:<br \/>\nUnterst\u00fctzen Sie die Baumpflanzaktionen f\u00fcr die interessierten Sch\u00fcler\/innen etc. im Umkreis von G\u00f6ttingen. Dabei werden mit Ihren Spenden i.d.R. die B\u00e4ume f\u00fcr die Baumpflanzaktionen und ein\/e Waldp\u00e4dagoge\/in finanziert.<br \/>\nBankverbindung: s. o., <strong>IBAN: DE46 7002 0500 2003 0100 10,<\/strong> <strong>Verwendungszweck: Baumpflanzen G\u00f6ttingen<\/strong><\/li>\n<\/ul>\n<p>&#8212;&#8212;&#8212;&#8212;&#8212;&#8212;&#8212;&#8212;&#8212;&#8212;&#8212;&#8212;&#8212;&#8212;&#8212;&#8211;<\/p>\n<ul>\n<li>2. M\u00f6glichkeit:<br \/>\nUnterst\u00fctzen Sie durch Ihre Spende unser Partnerprojekt. Jeder gespendete Euro ist ein neu gepflanzter Baum f\u00fcr unser Partneraufforstungsprojekt.<br \/>\nBankverbindung: s. o., <strong>IBAN: DE98 3702 0500 2001 0100 10<\/strong>, <strong>Verwendungszweck: Baumspende Mexiko<\/strong><\/li>\n<\/ul>\n<p><img loading=\"lazy\" decoding=\"async\" class=\"aligncenter wp-image-444 size-medium\" src=\"https:\/\/www.goepflanzt.de\/wp-content\/uploads\/2018\/10\/Foto-Schokolade-300x264.jpg\" alt=\"\" width=\"300\" height=\"264\" srcset=\"https:\/\/www.goepflanzt.de\/wp-content\/uploads\/2018\/10\/Foto-Schokolade-300x264.jpg 300w, https:\/\/www.goepflanzt.de\/wp-content\/uploads\/2018\/10\/Foto-Schokolade-768x677.jpg 768w, https:\/\/www.goepflanzt.de\/wp-content\/uploads\/2018\/10\/Foto-Schokolade-1024x902.jpg 1024w, https:\/\/www.goepflanzt.de\/wp-content\/uploads\/2018\/10\/Foto-Schokolade-676x596.jpg 676w\" sizes=\"auto, (max-width: 300px) 100vw, 300px\" \/><\/p>\n<p>Aber auch wer gerne S\u00fc\u00dfes mag, kann uns unterst\u00fctzen, denn:<\/p>\n<p>Nie war es leckerer, die Welt zu retten &#8211; mit dem Kauf der <strong>Guten Schokolade! Jetzt in 3 verschiedenen Sorten. Erh\u00e4ltlich online oder bei vielen Discountern. <\/strong>H\u00e4ndler und Hersteller verzichten auf ihren Gewinn und spenden ihn an Plant for the Planet. Mit dem Geld pflanzen wir neue B\u00e4ume. Zus\u00e4tzlich wird durch Aufforstungsprojekte auf den Kakaoplantagen so viel CO2 kompensiert, dass die Produktion jeder Tafel komplett klimaneutral ist. Die Schokolade ist au\u00dferdem fair gehandelt, so dass auch die Kakao- und Zuckerbauern ihren verdienten Anteil bekommen.<\/p>\n<p><strong>Unterst\u00fctzt werden wir derzeit durch folgende Einrichtungen und Unternehmen:<\/strong><\/p>\n<p><img loading=\"lazy\" decoding=\"async\" class=\"wp-image-1202 size-full aligncenter\" src=\"https:\/\/www.goepflanzt.de\/wp-content\/uploads\/2024\/07\/Logos-Sammlung-2024.jpg\" alt=\"\" width=\"565\" height=\"513\" \/><\/p>\n<\/section>\n<\/div>\n<div id=\"sidebar\" class=\"4u\"><\/div>\n<div><\/div>\n<div><\/div>\n<div><\/div>\n<div><\/div>\n<div><\/div>\n<div><\/div>\n","protected":false},"excerpt":{"rendered":"<p>1\u20ac Spende = 1 neuer Baum Kleine Spende &gt; Gro\u00dfe Wirkung Wenn Sie uns unterst\u00fctzen m\u00f6chten, nehmen wir gerne Ihre Spende entgegen. Plant-for-the-Planet kann Ihnen daf\u00fcr eine Spendenquittung ausstellen, ab Spenden von 200\u20ac. Bankverbindung: Plant-for-the-Planet Gruppe G\u00f6ttingen, BANK F\u00dcR SOZIALWIRTSCHAFT,\u00a0 BIC: BFSWDE33MUE Sie entscheiden, was mit ihrer Spende passiert: 1. M\u00f6glichkeit: Unterst\u00fctzen Sie die Baumpflanzaktionen f\u00fcr die interessierten Sch\u00fcler\/innen etc. im Umkreis von G\u00f6ttingen. Dabei werden mit Ihren Spenden i.d.R. die B\u00e4ume f\u00fcr die Baumpflanzaktionen und ein\/e Waldp\u00e4dagoge\/in finanziert. Bankverbindung:&#8230;<\/p>\n<p class=\"read-more\"><a class=\"btn btn-default\" href=\"https:\/\/www.goepflanzt.de\/?page_id=8\">Weiterlesen<span class=\"screen-reader-text\"> Weiterlesen<\/span><\/a><\/p>\n","protected":false},"author":1,"featured_media":0,"parent":0,"menu_order":0,"comment_status":"closed","ping_status":"closed","template":"","meta":{"footnotes":""},"class_list":["post-8","page","type-page","status-publish","hentry"],"_links":{"self":[{"href":"https:\/\/www.goepflanzt.de\/index.php?rest_route=\/wp\/v2\/pages\/8","targetHints":{"allow":["GET"]}}],"collection":[{"href":"https:\/\/www.goepflanzt.de\/index.php?rest_route=\/wp\/v2\/pages"}],"about":[{"href":"https:\/\/www.goepflanzt.de\/index.php?rest_route=\/wp\/v2\/types\/page"}],"author":[{"embeddable":true,"href":"https:\/\/www.goepflanzt.de\/index.php?rest_route=\/wp\/v2\/users\/1"}],"replies":[{"embeddable":true,"href":"https:\/\/www.goepflanzt.de\/index.php?rest_route=%2Fwp%2Fv2%2Fcomments&post=8"}],"version-history":[{"count":50,"href":"https:\/\/www.goepflanzt.de\/index.php?rest_route=\/wp\/v2\/pages\/8\/revisions"}],"predecessor-version":[{"id":1206,"href":"https:\/\/www.goepflanzt.de\/index.php?rest_route=\/wp\/v2\/pages\/8\/revisions\/1206"}],"wp:attachment":[{"href":"https:\/\/www.goepflanzt.de\/index.php?rest_route=%2Fwp%2Fv2%2Fmedia&parent=8"}],"curies":[{"name":"wp","href":"https:\/\/api.w.org\/{rel}","templated":true}]}}